{"id":1132,"date":"2019-03-12T02:16:58","date_gmt":"2019-03-12T02:16:58","guid":{"rendered":"https:\/\/assistance.ibaia-immobilier.com\/centre-daide-ibaia-immobilier-espanol\/"},"modified":"2025-10-08T04:40:11","modified_gmt":"2025-10-08T08:40:11","slug":"centro-de-ayuda-de-ibaia-real-estate","status":"publish","type":"page","link":"https:\/\/assistance.ibaia-immobilier.com\/es\/","title":{"rendered":"Centro de Ayuda de IBA\u00cfA Real Estate"},"content":{"rendered":"\t\t<div data-elementor-type=\"wp-page\" data-elementor-id=\"1132\" class=\"elementor elementor-1132 elementor-33\" data-elementor-post-type=\"page\">\n\t\t\t\t\t\t<section class=\"elementor-section elementor-top-section elementor-element elementor-element-7cb23e5 elementor-section-content-top elementor-section-stretched elementor-hidden-desktop elementor-hidden-tablet elementor-hidden-mobile elementor-section-boxed elementor-section-height-default elementor-section-height-default\" data-id=\"7cb23e5\" data-element_type=\"section\" data-settings=\"{&quot;stretch_section&quot;:&quot;section-stretched&quot;,&quot;shape_divider_bottom&quot;:&quot;tilt&quot;}\">\n\t\t\t\t\t<div class=\"elementor-shape elementor-shape-bottom\" aria-hidden=\"true\" data-negative=\"false\">\n\t\t\t<svg xmlns=\"http:\/\/www.w3.org\/2000\/svg\" viewBox=\"0 0 1000 100\" preserveAspectRatio=\"none\">\n\t<path class=\"elementor-shape-fill\" d=\"M0,6V0h1000v100L0,6z\"\/>\n<\/svg>\t\t<\/div>\n\t\t\t\t\t<div class=\"elementor-container elementor-column-gap-no\">\n\t\t\t\t\t<div class=\"elementor-column elementor-col-50 elementor-top-column elementor-element elementor-element-3b711588\" data-id=\"3b711588\" data-element_type=\"column\" data-settings=\"{&quot;background_background&quot;:&quot;classic&quot;}\">\n\t\t\t<div class=\"elementor-widget-wrap elementor-element-populated\">\n\t\t\t\t\t\t<div class=\"elementor-element elementor-element-69319067 elementor-widget elementor-widget-tessera-kbcat\" data-id=\"69319067\" data-element_type=\"widget\" data-widget_type=\"tessera-kbcat.default\">\n\t\t\t\t<div class=\"elementor-widget-container\">\n\t\t\t\t\t            \n        <div class=\"tessera-image-list-wrapper tessera-kbcat\">\n                                    <ol>\n                                    <\/ol>\n               \n        <\/div>\n\t\t\t\t<\/div>\n\t\t\t\t<\/div>\n\t\t\t\t<div class=\"elementor-element elementor-element-4b15fe0e elementor-widget elementor-widget-tessera-image-list\" data-id=\"4b15fe0e\" data-element_type=\"widget\" data-widget_type=\"tessera-image-list.default\">\n\t\t\t\t<div class=\"elementor-widget-container\">\n\t\t\t\t\t                        <div class=\"tessera-image-list-outer\">\n        <div class=\"tessera-image-list-wrapper tessera-image-wrapper-left\">\n                        <div class=\"tessera-image-list-left\">\n\t\t\t\t<div class=\"tessera-image-list-left-inner\">\n                <a href=\"http:\/\/tessera.egemenerd.com\/forums\/\" target=\"_blank\" rel=\"noopener\"><i aria-hidden=\"true\" class=\"fas fa-comment-dots\"><\/i><\/a>  \n\t\t\t\t<\/div>  \n            <\/div>\n                        <div class=\"tessera-image-list-right\">\n                <h3><a href=\"http:\/\/tessera.egemenerd.com\/forums\/\" target=\"_blank\" rel=\"noopener\">Support Forum<\/a><\/h3>                <p>Elit a excepteur quo summis. Summis qui expetendis e elit de dese exercitation, iis quem summis si quo elit...<\/p>\n                                <div class=\"tessera-image-list-button\">\n                    <a class=\"btn btn-sm btn-info btn-rounded\" href=\"http:\/\/tessera.egemenerd.com\/forums\/\" target=\"_blank\" rel=\"noopener\">\n                        Join Our Forum <i class=\"fa fa-long-arrow-right\"><\/i>\n                    <\/a>\n                <\/div>\n                            <\/div>\n        <\/div>\n        <\/div>\n\t\t\t\t\t\t<\/div>\n\t\t\t\t<\/div>\n\t\t\t\t\t<\/div>\n\t\t<\/div>\n\t\t\t\t<div class=\"elementor-column elementor-col-50 elementor-top-column elementor-element elementor-element-5ef83690 elementor-hidden-tablet elementor-hidden-phone\" data-id=\"5ef83690\" data-element_type=\"column\" data-settings=\"{&quot;background_background&quot;:&quot;classic&quot;}\">\n\t\t\t<div class=\"elementor-widget-wrap elementor-element-populated\">\n\t\t\t\t\t\t<div class=\"elementor-element elementor-element-333baf96 elementor-hidden-tablet elementor-hidden-phone elementor-widget elementor-widget-spacer\" data-id=\"333baf96\" data-element_type=\"widget\" data-widget_type=\"spacer.default\">\n\t\t\t\t<div class=\"elementor-widget-container\">\n\t\t\t\t\t\t\t<div class=\"elementor-spacer\">\n\t\t\t<div class=\"elementor-spacer-inner\"><\/div>\n\t\t<\/div>\n\t\t\t\t\t\t<\/div>\n\t\t\t\t<\/div>\n\t\t\t\t<div class=\"elementor-element elementor-element-3a3594b4 elementor-widget__width-auto elementor-absolute elementor-hidden-tablet elementor-hidden-phone elementor-view-default elementor-widget elementor-widget-icon\" data-id=\"3a3594b4\" data-element_type=\"widget\" data-settings=\"{&quot;_animation&quot;:&quot;none&quot;,&quot;_animation_delay&quot;:1500,&quot;_position&quot;:&quot;absolute&quot;}\" data-widget_type=\"icon.default\">\n\t\t\t\t<div class=\"elementor-widget-container\">\n\t\t\t\t\t\t\t<div class=\"elementor-icon-wrapper\">\n\t\t\t<div class=\"elementor-icon\">\n\t\t\t<i aria-hidden=\"true\" class=\"far fa-lightbulb\"><\/i>\t\t\t<\/div>\n\t\t<\/div>\n\t\t\t\t\t\t<\/div>\n\t\t\t\t<\/div>\n\t\t\t\t<div class=\"elementor-element elementor-element-77d1e861 animated-fast elementor-widget__width-auto elementor-absolute elementor-hidden-tablet elementor-hidden-phone elementor-view-default elementor-widget elementor-widget-icon\" data-id=\"77d1e861\" data-element_type=\"widget\" data-settings=\"{&quot;_animation&quot;:&quot;none&quot;,&quot;_animation_delay&quot;:1750,&quot;_position&quot;:&quot;absolute&quot;}\" data-widget_type=\"icon.default\">\n\t\t\t\t<div class=\"elementor-widget-container\">\n\t\t\t\t\t\t\t<div class=\"elementor-icon-wrapper\">\n\t\t\t<div class=\"elementor-icon\">\n\t\t\t<i aria-hidden=\"true\" class=\"far fa-lightbulb\"><\/i>\t\t\t<\/div>\n\t\t<\/div>\n\t\t\t\t\t\t<\/div>\n\t\t\t\t<\/div>\n\t\t\t\t\t<\/div>\n\t\t<\/div>\n\t\t\t\t\t<\/div>\n\t\t<\/section>\n\t\t\t\t<section class=\"elementor-section elementor-top-section elementor-element elementor-element-18554441 elementor-section-stretched elementor-section-content-top elementor-section-boxed elementor-section-height-default elementor-section-height-default\" data-id=\"18554441\" data-element_type=\"section\" data-settings=\"{&quot;stretch_section&quot;:&quot;section-stretched&quot;,&quot;background_background&quot;:&quot;classic&quot;,&quot;shape_divider_bottom&quot;:&quot;tilt&quot;}\">\n\t\t\t\t\t<div class=\"elementor-shape elementor-shape-bottom\" aria-hidden=\"true\" data-negative=\"false\">\n\t\t\t<svg xmlns=\"http:\/\/www.w3.org\/2000\/svg\" viewBox=\"0 0 1000 100\" preserveAspectRatio=\"none\">\n\t<path class=\"elementor-shape-fill\" d=\"M0,6V0h1000v100L0,6z\"\/>\n<\/svg>\t\t<\/div>\n\t\t\t\t\t<div class=\"elementor-container elementor-column-gap-no\">\n\t\t\t\t\t<div class=\"elementor-column elementor-col-50 elementor-top-column elementor-element elementor-element-5c42daf0\" data-id=\"5c42daf0\" data-element_type=\"column\" data-settings=\"{&quot;background_background&quot;:&quot;classic&quot;}\">\n\t\t\t<div class=\"elementor-widget-wrap elementor-element-populated\">\n\t\t\t\t\t\t<div class=\"elementor-element elementor-element-fde82b8 elementor-widget elementor-widget-heading\" data-id=\"fde82b8\" data-element_type=\"widget\" data-widget_type=\"heading.default\">\n\t\t\t\t<div class=\"elementor-widget-container\">\n\t\t\t\t\t<h1 class=\"elementor-heading-title elementor-size-default\">Bienvenido al centro de asistencia en l\u00ednea de la agencia inmobiliaria IBA\u00cfA Inmobiliaria.<\/h1>\t\t\t\t<\/div>\n\t\t\t\t<\/div>\n\t\t\t\t<div class=\"elementor-element elementor-element-7b0db3e elementor-widget elementor-widget-spacer\" data-id=\"7b0db3e\" data-element_type=\"widget\" data-widget_type=\"spacer.default\">\n\t\t\t\t<div class=\"elementor-widget-container\">\n\t\t\t\t\t\t\t<div class=\"elementor-spacer\">\n\t\t\t<div class=\"elementor-spacer-inner\"><\/div>\n\t\t<\/div>\n\t\t\t\t\t\t<\/div>\n\t\t\t\t<\/div>\n\t\t\t\t<div class=\"elementor-element elementor-element-5a65ec25 elementor-widget elementor-widget-text-editor\" data-id=\"5a65ec25\" data-element_type=\"widget\" data-widget_type=\"text-editor.default\">\n\t\t\t\t<div class=\"elementor-widget-container\">\n\t\t\t\t\t\t\t\t\t<p>\u00a1Estamos aqu\u00ed para ayudarles! <br \/><br \/>Navegue a trav\u00e9s de nuestra base de conocimiento, descubra nuestras preguntas y respuestas o h\u00e1ganos sus preguntas directamente a trav\u00e9s de nuestro sistema de conversaci\u00f3n en l\u00ednea para obtener ayuda con sus reservaciones, su cuenta y mucho m\u00e1s.<\/p>\t\t\t\t\t\t\t\t<\/div>\n\t\t\t\t<\/div>\n\t\t\t\t<div class=\"elementor-element elementor-element-2ab4fbcf elementor-widget elementor-widget-spacer\" data-id=\"2ab4fbcf\" data-element_type=\"widget\" data-widget_type=\"spacer.default\">\n\t\t\t\t<div class=\"elementor-widget-container\">\n\t\t\t\t\t\t\t<div class=\"elementor-spacer\">\n\t\t\t<div class=\"elementor-spacer-inner\"><\/div>\n\t\t<\/div>\n\t\t\t\t\t\t<\/div>\n\t\t\t\t<\/div>\n\t\t\t\t<div class=\"elementor-element elementor-element-e483719 elementor-widget elementor-widget-tessera-image-list\" data-id=\"e483719\" data-element_type=\"widget\" data-widget_type=\"tessera-image-list.default\">\n\t\t\t\t<div class=\"elementor-widget-container\">\n\t\t\t\t\t                        <div class=\"tessera-image-list-outer\">\n        <div class=\"tessera-image-list-wrapper tessera-image-wrapper-left\">\n                        <div class=\"tessera-image-list-left\">\n\t\t\t\t<div class=\"tessera-image-list-left-inner\">\n                <a href=\"https:\/\/assistance.ibaia-immobilier.com\/es\/todos-los-articulos-en-nuestra-base-de-conocimientos\/\"><i aria-hidden=\"true\" class=\"fas fa-rocket\"><\/i><\/a>  \n\t\t\t\t<\/div>  \n            <\/div>\n                        <div class=\"tessera-image-list-right\">\n                <h3><a href=\"https:\/\/assistance.ibaia-immobilier.com\/es\/todos-los-articulos-en-nuestra-base-de-conocimientos\/\">Base de Conocimientos.<\/a><\/h3>                <p>Explora nuestra base de conocimientos para encontrar una respuesta r\u00e1pida.<\/p>\n                                <div class=\"tessera-image-list-button\">\n                    <a class=\"btn btn-sm btn-primary btn-rounded\" href=\"https:\/\/assistance.ibaia-immobilier.com\/es\/todos-los-articulos-en-nuestra-base-de-conocimientos\/\">\n                        Ver la base de conocimiento <i class=\"fa fa-long-arrow-right\"><\/i>\n                    <\/a>\n                <\/div>\n                            <\/div>\n        <\/div>\n        <\/div>\n\t\t                <div class=\"tessera-image-list-outer\">\n        <div class=\"tessera-image-list-wrapper tessera-image-wrapper-left\">\n                        <div class=\"tessera-image-list-left\">\n\t\t\t\t<div class=\"tessera-image-list-left-inner\">\n                <a href=\"https:\/\/support.ibaia-immobilier.com\/\"><i aria-hidden=\"true\" class=\"fas fa-rocket\"><\/i><\/a>  \n\t\t\t\t<\/div>  \n            <\/div>\n                        <div class=\"tessera-image-list-right\">\n                <h3><a href=\"https:\/\/support.ibaia-immobilier.com\/\">Soporte Cliente<\/a><\/h3>                <p><\/p>\n                                <div class=\"tessera-image-list-button\">\n                    <a class=\"btn btn-sm btn-primary btn-rounded\" href=\"https:\/\/support.ibaia-immobilier.com\/\">\n                        Abrir nuevo ticket <i class=\"fa fa-long-arrow-right\"><\/i>\n                    <\/a>\n                <\/div>\n                            <\/div>\n        <\/div>\n        <\/div>\n\t\t\t\t\t\t<\/div>\n\t\t\t\t<\/div>\n\t\t\t\t\t<\/div>\n\t\t<\/div>\n\t\t\t\t<div class=\"elementor-column elementor-col-50 elementor-top-column elementor-element elementor-element-56d2a6e5 elementor-hidden-tablet elementor-hidden-phone\" data-id=\"56d2a6e5\" data-element_type=\"column\" data-settings=\"{&quot;background_background&quot;:&quot;classic&quot;}\">\n\t\t\t<div class=\"elementor-widget-wrap elementor-element-populated\">\n\t\t\t\t\t\t<div class=\"elementor-element elementor-element-601ebeb9 elementor-widget elementor-widget-spacer\" data-id=\"601ebeb9\" data-element_type=\"widget\" data-widget_type=\"spacer.default\">\n\t\t\t\t<div class=\"elementor-widget-container\">\n\t\t\t\t\t\t\t<div class=\"elementor-spacer\">\n\t\t\t<div class=\"elementor-spacer-inner\"><\/div>\n\t\t<\/div>\n\t\t\t\t\t\t<\/div>\n\t\t\t\t<\/div>\n\t\t\t\t\t<\/div>\n\t\t<\/div>\n\t\t\t\t\t<\/div>\n\t\t<\/section>\n\t\t\t\t<\/div>\n\t\t","protected":false},"excerpt":{"rendered":"<p>1. Protect your stay with Tranquiloc Insurance 2. Proteja sus vacaciones con el seguro Tranquiloc 3. Prot\u00e9gez vos vacances avec l\u2019assurance Tranquiloc 4. Assurance Annulation Support Forum Elit a excepteur quo summis. Summis qui expetendis e elit de dese exercitation, iis quem summis si quo elit&#8230; Join Our Forum Bienvenido al centro de asistencia en&#8230;<\/p>\n","protected":false},"author":2,"featured_media":0,"parent":0,"menu_order":0,"comment_status":"closed","ping_status":"closed","template":"page_template_4.php","meta":{"_bbp_topic_count":0,"_bbp_reply_count":0,"_bbp_total_topic_count":0,"_bbp_total_reply_count":0,"_bbp_voice_count":0,"_bbp_anonymous_reply_count":0,"_bbp_topic_count_hidden":0,"_bbp_reply_count_hidden":0,"_bbp_forum_subforum_count":0,"tessera_post_format_link":"","footnotes":""},"class_list":["post-1132","page","type-page","status-publish","hentry"],"_links":{"self":[{"href":"https:\/\/assistance.ibaia-immobilier.com\/es\/wp-json\/wp\/v2\/pages\/1132","targetHints":{"allow":["GET"]}}],"collection":[{"href":"https:\/\/assistance.ibaia-immobilier.com\/es\/wp-json\/wp\/v2\/pages"}],"about":[{"href":"https:\/\/assistance.ibaia-immobilier.com\/es\/wp-json\/wp\/v2\/types\/page"}],"author":[{"embeddable":true,"href":"https:\/\/assistance.ibaia-immobilier.com\/es\/wp-json\/wp\/v2\/users\/2"}],"replies":[{"embeddable":true,"href":"https:\/\/assistance.ibaia-immobilier.com\/es\/wp-json\/wp\/v2\/comments?post=1132"}],"version-history":[{"count":30,"href":"https:\/\/assistance.ibaia-immobilier.com\/es\/wp-json\/wp\/v2\/pages\/1132\/revisions"}],"predecessor-version":[{"id":7306,"href":"https:\/\/assistance.ibaia-immobilier.com\/es\/wp-json\/wp\/v2\/pages\/1132\/revisions\/7306"}],"wp:attachment":[{"href":"https:\/\/assistance.ibaia-immobilier.com\/es\/wp-json\/wp\/v2\/media?parent=1132"}],"curies":[{"name":"wp","href":"https:\/\/api.w.org\/{rel}","templated":true}]}}